{"id":14053,"date":"2026-01-19T22:10:54","date_gmt":"2026-01-19T21:10:54","guid":{"rendered":"https:\/\/wwwnovi.polj.uns.ac.rs\/studentska-sluzba\/"},"modified":"2026-01-20T17:32:54","modified_gmt":"2026-01-20T16:32:54","slug":"studentska-sluzba","status":"publish","type":"page","link":"https:\/\/wwwnovi.polj.uns.ac.rs\/rslat\/studentska-sluzba\/","title":{"rendered":"Studentska slu\u017eba"},"content":{"rendered":"<div data-elementor-type=\"wp-page\" data-elementor-id=\"14053\" class=\"elementor elementor-14053 elementor-13983\" data-elementor-post-type=\"page\">\n\t\t\t\t<div class=\"elementor-element elementor-element-9a618ef e-flex e-con-boxed e-con e-parent\" data-id=\"9a618ef\" data-element_type=\"container\" data-e-type=\"container\">\n\t\t\t\t\t<div class=\"e-con-inner\">\n\t\t\t\t<div class=\"elementor-element elementor-element-b0a5627 elementor-widget thim-ekits-heading elementor-widget-thim-heading\" data-id=\"b0a5627\" data-element_type=\"widget\" data-e-type=\"widget\" data-widget_type=\"thim-heading.default\">\n\t\t\t\t<div class=\"elementor-widget-container\">\n\t\t\t\t\t<div class=\"sc_heading\"><h3 class=\"title\">\u041e\u0434\u0433\u043e\u0432\u043e\u0440\u043d\u0430 \u043b\u0438\u0446\u0430 \u0438 \u043a\u043e\u043d\u0442\u0430\u043a\u0442\u0438 <\/h3><span class=\"line\"><\/span><\/div>\t\t\t\t<\/div>\n\t\t\t\t<\/div>\n\t\t\t\t\t<\/div>\n\t\t\t\t<\/div>\n\t\t<div class=\"elementor-element elementor-element-1c701ca e-flex e-con-boxed e-con e-parent\" data-id=\"1c701ca\" data-element_type=\"container\" data-e-type=\"container\">\n\t\t\t\t\t<div class=\"e-con-inner\">\n\t\t<div class=\"elementor-element elementor-element-17367f9 e-con-full e-flex e-con e-child\" data-id=\"17367f9\" data-element_type=\"container\" data-e-type=\"container\">\n\t\t\t\t<div class=\"elementor-element elementor-element-fd11c9e elementor-widget elementor-widget-image\" data-id=\"fd11c9e\" data-element_type=\"widget\" data-e-type=\"widget\" data-widget_type=\"image.default\">\n\t\t\t\t\t\t\t\t\t\t\t\t\t\t\t<img loading=\"lazy\" decoding=\"async\" width=\"640\" height=\"640\" src=\"https:\/\/wwwnovi.polj.uns.ac.rs\/wp-content\/uploads\/2026\/01\/Violeta_Rokvic_square-1024x1024.jpg\" class=\"attachment-large size-large wp-image-14051\" alt=\"\" srcset=\"https:\/\/wwwnovi.polj.uns.ac.rs\/wp-content\/uploads\/2026\/01\/Violeta_Rokvic_square-1024x1024.jpg 1024w, https:\/\/wwwnovi.polj.uns.ac.rs\/wp-content\/uploads\/2026\/01\/Violeta_Rokvic_square-300x300.jpg 300w, https:\/\/wwwnovi.polj.uns.ac.rs\/wp-content\/uploads\/2026\/01\/Violeta_Rokvic_square-150x150.jpg 150w, https:\/\/wwwnovi.polj.uns.ac.rs\/wp-content\/uploads\/2026\/01\/Violeta_Rokvic_square-768x768.jpg 768w, https:\/\/wwwnovi.polj.uns.ac.rs\/wp-content\/uploads\/2026\/01\/Violeta_Rokvic_square-1536x1536.jpg 1536w, https:\/\/wwwnovi.polj.uns.ac.rs\/wp-content\/uploads\/2026\/01\/elementor\/thumbs\/Violeta_Rokvic_square-300x300.jpg 250w, https:\/\/wwwnovi.polj.uns.ac.rs\/wp-content\/uploads\/2026\/01\/elementor\/thumbs\/Violeta_Rokvic_square-300x300.jpg 200w, https:\/\/wwwnovi.polj.uns.ac.rs\/wp-content\/uploads\/2026\/01\/Violeta_Rokvic_square.jpg 1600w\" sizes=\"auto, (max-width: 640px) 100vw, 640px\" \/>\t\t\t\t\t\t\t\t\t\t\t\t\t\t\t<\/div>\n\t\t\t\t<\/div>\n\t\t<div class=\"elementor-element elementor-element-8a10e69 e-con-full e-flex e-con e-child\" data-id=\"8a10e69\" data-element_type=\"container\" data-e-type=\"container\">\n\t\t\t\t<div class=\"elementor-element elementor-element-e6339de elementor-widget elementor-widget-heading\" data-id=\"e6339de\" data-element_type=\"widget\" data-e-type=\"widget\" data-widget_type=\"heading.default\">\n\t\t\t\t\t<h2 class=\"elementor-heading-title elementor-size-default\">\u0412\u0438\u043e\u043b\u0435\u0442\u0430 \u0420\u043e\u043a\u0432\u0438\u045b<\/h2>\t\t\t\t<\/div>\n\t\t\t\t<div class=\"elementor-element elementor-element-ca778ae elementor-widget elementor-widget-heading\" data-id=\"ca778ae\" data-element_type=\"widget\" data-e-type=\"widget\" data-widget_type=\"heading.default\">\n\t\t\t\t\t<p class=\"elementor-heading-title elementor-size-default\">\u0428\u0435\u0444 \u0421\u0442\u0443\u0434\u0435\u043d\u0442\u0441\u043a\u0435 \u0441\u043b\u0443\u0436\u0431\u0435<\/p>\t\t\t\t<\/div>\n\t\t\t\t<div class=\"elementor-element elementor-element-6492feb elementor-widget elementor-widget-text-editor\" data-id=\"6492feb\" data-element_type=\"widget\" data-e-type=\"widget\" data-widget_type=\"text-editor.default\">\n\t\t\t\t\t\t\t\t\t<p>\u0422\u0435\u043b\u0435\u0444\u043e\u043d: 021\/485-3209<br>\u0435-\u043c\u0430\u0438\u043b: stud.sluzba@polj.uns.ac.rs,<br>violeta.rokvic@polj.uns.ac.rs<\/p>\t\t\t\t\t\t\t\t<\/div>\n\t\t\t\t<\/div>\n\t\t<div class=\"elementor-element elementor-element-2e8f28a e-con-full e-flex e-con e-child\" data-id=\"2e8f28a\" data-element_type=\"container\" data-e-type=\"container\">\n\t\t\t\t<div class=\"elementor-element elementor-element-51b1ce8 elementor-widget elementor-widget-image\" data-id=\"51b1ce8\" data-element_type=\"widget\" data-e-type=\"widget\" data-widget_type=\"image.default\">\n\t\t\t\t\t\t\t\t\t\t\t\t\t\t\t<img loading=\"lazy\" decoding=\"async\" width=\"640\" height=\"570\" src=\"https:\/\/wwwnovi.polj.uns.ac.rs\/wp-content\/uploads\/2026\/01\/Studentska_sluzba-1024x912.jpg\" class=\"attachment-large size-large wp-image-14052\" alt=\"\" srcset=\"https:\/\/wwwnovi.polj.uns.ac.rs\/wp-content\/uploads\/2026\/01\/Studentska_sluzba-1024x912.jpg 1024w, https:\/\/wwwnovi.polj.uns.ac.rs\/wp-content\/uploads\/2026\/01\/Studentska_sluzba-300x267.jpg 300w, https:\/\/wwwnovi.polj.uns.ac.rs\/wp-content\/uploads\/2026\/01\/Studentska_sluzba-768x684.jpg 768w, https:\/\/wwwnovi.polj.uns.ac.rs\/wp-content\/uploads\/2026\/01\/Studentska_sluzba.jpg 1411w\" sizes=\"auto, (max-width: 640px) 100vw, 640px\" \/>\t\t\t\t\t\t\t\t\t\t\t\t\t\t\t<\/div>\n\t\t\t\t<\/div>\n\t\t\t\t\t<\/div>\n\t\t\t\t<\/div>\n\t\t<div class=\"elementor-element elementor-element-6726700 e-flex e-con-boxed e-con e-parent\" data-id=\"6726700\" data-element_type=\"container\" data-e-type=\"container\">\n\t\t\t\t\t<div class=\"e-con-inner\">\n\t\t<div class=\"elementor-element elementor-element-1c546ce e-grid e-con-full e-con e-child\" data-id=\"1c546ce\" data-element_type=\"container\" data-e-type=\"container\">\n\t\t<div class=\"elementor-element elementor-element-2ea4cbc e-con-full e-flex e-con e-child\" data-id=\"2ea4cbc\" data-element_type=\"container\" data-e-type=\"container\">\n\t\t\t\t<div class=\"elementor-element elementor-element-41fab6f elementor-widget elementor-widget-heading\" data-id=\"41fab6f\" data-element_type=\"widget\" data-e-type=\"widget\" data-widget_type=\"heading.default\">\n\t\t\t\t\t<h2 class=\"elementor-heading-title elementor-size-default\">\u0410\u043d\u0430 \u041c\u0430\u0440\u0438\u0458\u0430 \u041a\u0430\u0459\u0435\u0432\u0438\u045b<\/h2>\t\t\t\t<\/div>\n\t\t\t\t<div class=\"elementor-element elementor-element-f83b0c2 elementor-widget elementor-widget-heading\" data-id=\"f83b0c2\" data-element_type=\"widget\" data-e-type=\"widget\" data-widget_type=\"heading.default\">\n\t\t\t\t\t<p class=\"elementor-heading-title elementor-size-default\">\u0440\u0435\u0444\u0435\u0440\u0435\u043d\u0442<\/p>\t\t\t\t<\/div>\n\t\t\t\t<div class=\"elementor-element elementor-element-64a2bee elementor-widget elementor-widget-text-editor\" data-id=\"64a2bee\" data-element_type=\"widget\" data-e-type=\"widget\" data-widget_type=\"text-editor.default\">\n\t\t\t\t\t\t\t\t\t<p>\u0422\u0435\u043b\u0435\u0444\u043e\u043d: 021\/485-3209<br>\u0435-\u043c\u0430\u0438\u043b: anamarija.kaljevic@polj.uns.ac.rs<br>\u0420\u0435\u0444\u0435\u0440\u0435\u043d\u0442 \u0437\u0430 \u0441\u043b\u0435\u0434\u0435\u045b\u0435 \u0441\u0442\u0443\u0434\u0438\u0458\u0441\u043a\u0435 \u043f\u0440\u043e\u0433\u0440\u0430\u043c\u0435 \u043e\u0441\u043d\u043e\u0432\u043d\u0438\u0445 \u0441\u0442\u0443\u0434\u0438\u0458\u0430:<\/p><ul><li>\u0410\u0433\u0440\u043e\u0435\u043a\u043e\u043d\u043e\u043c\u0438\u0458\u0430<\/li><li>\u0410\u043d\u0438\u043c\u0430\u043b\u043d\u0430 \u043f\u0440\u043e\u0438\u0437\u0432\u043e\u0434\u045a\u0430<\/li><li>\u041f\u0435\u0458\u0437\u0430\u0436\u043d\u0430 \u0430\u0440\u0445\u0438\u0442\u0435\u043a\u0442\u0443\u0440\u0430<\/li><li>\u0410\u0433\u0440\u043e\u0442\u0443\u0440\u0438\u0437\u0430\u043c \u0438 \u0440\u0443\u0440\u0430\u043b\u043d\u0438 \u0440\u0430\u0437\u0432\u043e\u0458<\/li><\/ul>\t\t\t\t\t\t\t\t<\/div>\n\t\t\t\t<\/div>\n\t\t<div class=\"elementor-element elementor-element-cb22c03 e-con-full e-flex e-con e-child\" data-id=\"cb22c03\" data-element_type=\"container\" data-e-type=\"container\">\n\t\t\t\t<div class=\"elementor-element elementor-element-c6c0589 elementor-widget elementor-widget-heading\" data-id=\"c6c0589\" data-element_type=\"widget\" data-e-type=\"widget\" data-widget_type=\"heading.default\">\n\t\t\t\t\t<h2 class=\"elementor-heading-title elementor-size-default\">\u0411\u0440\u0430\u043d\u043a\u0430 \u041f\u0430\u043d\u0442\u0438\u045b<\/h2>\t\t\t\t<\/div>\n\t\t\t\t<div class=\"elementor-element elementor-element-fde7aa1 elementor-widget elementor-widget-heading\" data-id=\"fde7aa1\" data-element_type=\"widget\" data-e-type=\"widget\" data-widget_type=\"heading.default\">\n\t\t\t\t\t<p class=\"elementor-heading-title elementor-size-default\">\u0440\u0435\u0444\u0435\u0440\u0435\u043d\u0442<\/p>\t\t\t\t<\/div>\n\t\t\t\t<div class=\"elementor-element elementor-element-c0d28ce elementor-widget elementor-widget-text-editor\" data-id=\"c0d28ce\" data-element_type=\"widget\" data-e-type=\"widget\" data-widget_type=\"text-editor.default\">\n\t\t\t\t\t\t\t\t\t<p>\u0422\u0435\u043b\u0435\u0444\u043e\u043d: 021\/485-3209<br>\u0435-\u043c\u0430\u0438\u043b: branka.pantic@polj.edu.rs<br>\u0420\u0435\u0444\u0435\u0440\u0435\u043d\u0442 \u0437\u0430 \u0441\u043b\u0435\u0434\u0435\u045b\u0435 \u0441\u0442\u0443\u0434\u0438\u0458\u0441\u043a\u0435 \u043f\u0440\u043e\u0433\u0440\u0430\u043c\u0435 \u043e\u0441\u043d\u043e\u0432\u043d\u0438\u0445 \u0441\u0442\u0443\u0434\u0438\u0458\u0430:<\/p><ul><li>\u0424\u0438\u0442\u043e\u043c\u0435\u0434\u0438\u0446\u0438\u043d\u0430<\/li><li>\u0410\u0433\u0440\u043e\u0435\u043a\u043e\u043b\u043e\u0433\u0438\u0458\u0430 \u0438 \u0437\u0430\u0448\u0442\u0438\u0442\u0430 \u0436\u0438\u0432\u043e\u0442\u043d\u0435 \u0441\u0440\u0435\u0434\u0438\u043d\u0435<\/li><li>\u0412\u043e\u045b\u0430\u0440\u0441\u0442\u0432\u043e, \u0432\u0438\u043d\u043e\u0433\u0440\u0430\u0434\u0430\u0440\u0441\u0442\u0432\u043e \u0438 \u0445\u043e\u0440\u0442\u0438\u043a\u0443\u043b\u0442\u0443\u0440\u0430<\/li><li>\u0410\u0433\u0440\u043e\u0438\u043d\u0434\u0443\u0441\u0442\u0440\u0438\u0458\u0441\u043a\u043e \u0438\u043d\u0436\u0435\u045a\u0435\u0440\u0441\u0442\u0432\u043e<\/li><\/ul>\t\t\t\t\t\t\t\t<\/div>\n\t\t\t\t<\/div>\n\t\t<div class=\"elementor-element elementor-element-0e170a4 e-con-full e-flex e-con e-child\" data-id=\"0e170a4\" data-element_type=\"container\" data-e-type=\"container\">\n\t\t\t\t<div class=\"elementor-element elementor-element-83e41b5 elementor-widget elementor-widget-heading\" data-id=\"83e41b5\" data-element_type=\"widget\" data-e-type=\"widget\" data-widget_type=\"heading.default\">\n\t\t\t\t\t<h2 class=\"elementor-heading-title elementor-size-default\">\u0421\u0432\u0435\u0442\u043b\u0430\u043d\u0430 \u0421\u0435\u043a\u0443\u043b\u0438\u045b<\/h2>\t\t\t\t<\/div>\n\t\t\t\t<div class=\"elementor-element elementor-element-cfb71b3 elementor-widget elementor-widget-heading\" data-id=\"cfb71b3\" data-element_type=\"widget\" data-e-type=\"widget\" data-widget_type=\"heading.default\">\n\t\t\t\t\t<p class=\"elementor-heading-title elementor-size-default\">\u0440\u0435\u0444\u0435\u0440\u0435\u043d\u0442<\/p>\t\t\t\t<\/div>\n\t\t\t\t<div class=\"elementor-element elementor-element-d1ccbef elementor-widget elementor-widget-text-editor\" data-id=\"d1ccbef\" data-element_type=\"widget\" data-e-type=\"widget\" data-widget_type=\"text-editor.default\">\n\t\t\t\t\t\t\t\t\t<p>\u0422\u0435\u043b\u0435\u0444\u043e\u043d: 021\/485-3388<br>\u0435-\u043c\u0430\u0438\u043b: svetlana.sekulic@polj.uns.ac.rs<br>\u0420\u0435\u0444\u0435\u0440\u0435\u043d\u0442 \u0437\u0430 \u0441\u043b\u0435\u0434\u0435\u045b\u0435 \u0441\u0442\u0443\u0434\u0438\u0458\u0441\u043a\u0435 \u043f\u0440\u043e\u0433\u0440\u0430\u043c\u0435 \u043e\u0441\u043d\u043e\u0432\u043d\u0438\u0445 \u0441\u0442\u0443\u0434\u0438\u0458\u0430:<\/p><ul><li>\u0412\u0435\u0442\u0435\u0440\u0438\u043d\u0430\u0440\u0441\u043a\u0430 \u043c\u0435\u0434\u0438\u0446\u0438\u043d\u0430<\/li><li>\u041f\u043e\u0459\u043e\u043f\u0440\u0438\u0432\u0440\u0435\u0434\u043d\u0430 \u0442\u0435\u0445\u043d\u0438\u043a\u0430 \u0438 \u0438\u043d\u0444\u043e\u0440\u043c\u0430\u0446\u0438\u043e\u043d\u0438 \u0441\u0438\u0441\u0442\u0435\u043c\u0438<\/li><li>\u0423\u0440\u0435\u0452\u0435\u045a\u0435, \u043a\u043e\u0440\u0438\u0448\u045b\u0435\u045a\u0435 \u0438 \u0437\u0430\u0448\u0442\u0438\u0442\u0430 \u0432\u043e\u0434\u0430<\/li><li>\u0420\u0430\u0442\u0430\u0440\u0441\u0442\u0432\u043e \u0438 \u043f\u043e\u0432\u0440\u0442\u0430\u0440\u0441\u0442\u0432\u043e<\/li><li>\u041e\u0440\u0433\u0430\u043d\u0441\u043a\u0430 \u043f\u043e\u0459\u043e\u043f\u0440\u0438\u0432\u0440\u0435\u0434\u0430<\/li><\/ul>\t\t\t\t\t\t\t\t<\/div>\n\t\t\t\t<\/div>\n\t\t<div class=\"elementor-element elementor-element-fda4a15 e-con-full e-flex e-con e-child\" data-id=\"fda4a15\" data-element_type=\"container\" data-e-type=\"container\">\n\t\t\t\t<div class=\"elementor-element elementor-element-bef1457 elementor-widget elementor-widget-heading\" data-id=\"bef1457\" data-element_type=\"widget\" data-e-type=\"widget\" data-widget_type=\"heading.default\">\n\t\t\t\t\t<h2 class=\"elementor-heading-title elementor-size-default\">\u041a\u043e\u0441\u0442\u0430 \u041a\u043e\u045a\u0438\u043a\u0443\u0448\u0438\u045b<\/h2>\t\t\t\t<\/div>\n\t\t\t\t<div class=\"elementor-element elementor-element-35720d1 elementor-widget elementor-widget-heading\" data-id=\"35720d1\" data-element_type=\"widget\" data-e-type=\"widget\" data-widget_type=\"heading.default\">\n\t\t\t\t\t<p class=\"elementor-heading-title elementor-size-default\">\u0440\u0435\u0444\u0435\u0440\u0435\u043d\u0442<\/p>\t\t\t\t<\/div>\n\t\t\t\t<div class=\"elementor-element elementor-element-75bd21f elementor-widget elementor-widget-text-editor\" data-id=\"75bd21f\" data-element_type=\"widget\" data-e-type=\"widget\" data-widget_type=\"text-editor.default\">\n\t\t\t\t\t\t\t\t\t<p>\u0422\u0435\u043b\u0435\u0444\u043e\u043d: 021\/485-3532<br>\u0435-\u043c\u0430\u0438\u043b: kosta.konjikusic@polj.uns.ac.rs<br>\u0420\u0435\u0444\u0435\u0440\u0435\u043d\u0442 \u0437\u0430 \u0441\u0432\u0435 \u0441\u0442\u0443\u0434\u0438\u0458\u0441\u043a\u0435 \u043f\u0440\u043e\u0433\u0440\u0430\u043c\u0435 \u043c\u0430\u0441\u0442\u0435\u0440 \u0438 \u0434\u043e\u043a\u0442\u043e\u0440\u0441\u043a\u0438\u0445 \u0441\u0442\u0443\u0434\u0438\u0458\u0430<br><br><\/p>\t\t\t\t\t\t\t\t<\/div>\n\t\t\t\t<\/div>\n\t\t<div class=\"elementor-element elementor-element-2c7f010 e-con-full e-flex e-con e-child\" data-id=\"2c7f010\" data-element_type=\"container\" data-e-type=\"container\">\n\t\t\t\t<div class=\"elementor-element elementor-element-982b032 elementor-widget elementor-widget-heading\" data-id=\"982b032\" data-element_type=\"widget\" data-e-type=\"widget\" data-widget_type=\"heading.default\">\n\t\t\t\t\t<h2 class=\"elementor-heading-title elementor-size-default\">\u041c\u0430\u0440\u0442\u0430 \u0411\u0430\u0433\u0438 \u0411\u0440\u0430\u0448\u043a\u043e<\/h2>\t\t\t\t<\/div>\n\t\t\t\t<div class=\"elementor-element elementor-element-6867bc0 elementor-widget elementor-widget-heading\" data-id=\"6867bc0\" data-element_type=\"widget\" data-e-type=\"widget\" data-widget_type=\"heading.default\">\n\t\t\t\t\t<p class=\"elementor-heading-title elementor-size-default\">\u0440\u0435\u0444\u0435\u0440\u0435\u043d\u0442<\/p>\t\t\t\t<\/div>\n\t\t\t\t<div class=\"elementor-element elementor-element-bbce686 elementor-widget elementor-widget-text-editor\" data-id=\"bbce686\" data-element_type=\"widget\" data-e-type=\"widget\" data-widget_type=\"text-editor.default\">\n\t\t\t\t\t\t\t\t\t<p>\u0422\u0435\u043b\u0435\u0444\u043e\u043d: 021\/485-3388<br>\u0435-\u043c\u0430\u0438\u043b: marta.bagibrasko@polj.uns.ac.rs<br>\u0420\u0435\u0444\u0435\u0440\u0435\u043d\u0442 \u0437\u0430\u0434\u0443\u0436\u0435\u043d \u0437\u0430 \u0438\u0437\u0440\u0430\u0434\u0443 \u0434\u0438\u043f\u043b\u043e\u043c\u0430<\/p>\t\t\t\t\t\t\t\t<\/div>\n\t\t\t\t<\/div>\n\t\t\t\t<\/div>\n\t\t\t\t\t<\/div>\n\t\t\t\t<\/div>\n\t\t<div class=\"elementor-element elementor-element-14e6c7d e-flex e-con-boxed e-con e-parent\" data-id=\"14e6c7d\" data-element_type=\"container\" data-e-type=\"container\">\n\t\t\t\t\t<div class=\"e-con-inner\">\n\t\t\t\t<div class=\"elementor-element elementor-element-6c54cf1 elementor-widget thim-ekits-heading elementor-widget-thim-heading\" data-id=\"6c54cf1\" data-element_type=\"widget\" data-e-type=\"widget\" data-widget_type=\"thim-heading.default\">\n\t\t\t\t<div class=\"elementor-widget-container\">\n\t\t\t\t\t<div class=\"sc_heading\"><h3 class=\"title\">\u0420\u0430\u0434\u043d\u043e \u0432\u0440\u0435\u043c\u0435 \u0421\u0442\u0443\u0434\u0435\u043d\u0442\u0441\u043a\u0435 \u0441\u043b\u0443\u0436\u0431\u0435 <\/h3><span class=\"line\"><\/span><\/div>\t\t\t\t<\/div>\n\t\t\t\t<\/div>\n\t\t\t\t<div class=\"elementor-element elementor-element-353def9 elementor-widget elementor-widget-text-editor\" data-id=\"353def9\" data-element_type=\"widget\" data-e-type=\"widget\" data-widget_type=\"text-editor.default\">\n\t\t\t\t\t\t\t\t\t<p>\u0420\u0430\u0434\u043d\u043e \u0432\u0440\u0435\u043c\u0435 \u0441\u0430 \u0441\u0442\u0440\u0430\u043d\u043a\u0430\u043c\u0430 \u0440\u0430\u0434\u043d\u0438\u043c \u0434\u0430\u043d\u0438\u043c\u0430 \u043e\u0434 11 \u0434\u043e 13 \u0445<\/p>\t\t\t\t\t\t\t\t<\/div>\n\t\t\t\t\t<\/div>\n\t\t\t\t<\/div>\n\t\t<div class=\"elementor-element elementor-element-a5d4895 e-flex e-con-boxed e-con e-parent\" data-id=\"a5d4895\" data-element_type=\"container\" data-e-type=\"container\">\n\t\t\t\t\t<div class=\"e-con-inner\">\n\t\t\t\t<div class=\"elementor-element elementor-element-9d37074 elementor-widget thim-ekits-heading elementor-widget-thim-heading\" data-id=\"9d37074\" data-element_type=\"widget\" data-e-type=\"widget\" data-widget_type=\"thim-heading.default\">\n\t\t\t\t<div class=\"elementor-widget-container\">\n\t\t\t\t\t<div class=\"sc_heading\"><h3 class=\"title\">\u041e \u0421\u0442\u0443\u0434\u0435\u043d\u0442\u0441\u043a\u043e\u0458 \u0441\u043b\u0443\u0436\u0431\u0438 <\/h3><span class=\"line\"><\/span><\/div>\t\t\t\t<\/div>\n\t\t\t\t<\/div>\n\t\t\t\t<div class=\"elementor-element elementor-element-2aa8ed8 elementor-widget elementor-widget-text-editor\" data-id=\"2aa8ed8\" data-element_type=\"widget\" data-e-type=\"widget\" data-widget_type=\"text-editor.default\">\n\t\t\t\t\t\t\t\t\t<p>\u0421\u0442\u0443\u0434\u0435\u043d\u0442\u0441\u043a\u0430 \u0441\u043b\u0443\u0436\u0431\u0430 \u043f\u0440\u0443\u0436\u0430 \u0430\u0434\u043c\u0438\u043d\u0438\u0441\u0442\u0440\u0430\u0442\u0438\u0432\u043d\u0443 \u0438 \u0441\u0442\u0440\u0443\u0447\u043d\u0443 \u043f\u043e\u0434\u0440\u0448\u043a\u0443 \u0441\u0442\u0443\u0434\u0435\u043d\u0442\u0438\u043c\u0430 \u0442\u043e\u043a\u043e\u043c \u0446\u0435\u043b\u043e\u043a\u0443\u043f\u043d\u043e\u0433 \u0442\u043e\u043a\u0430 \u0441\u0442\u0443\u0434\u0438\u0440\u0430\u045a\u0430. \u040a\u0435\u043d\u0438 \u043e\u0441\u043d\u043e\u0432\u043d\u0438 \u043f\u043e\u0441\u043b\u043e\u0432\u0438 \u043e\u0431\u0443\u0445\u0432\u0430\u0442\u0430\u0458\u0443:<\/p><ul><li>\u0440\u0430\u0441\u043f\u0438\u0441\u0438\u0432\u0430\u045a\u0435 \u043a\u043e\u043d\u043a\u0443\u0440\u0441\u0430 \u0438 \u0443\u043f\u0438\u0441 \u0441\u0442\u0443\u0434\u0435\u043d\u0430\u0442\u0430 \u043d\u0430 \u043e\u0441\u043d\u043e\u0432\u043d\u0438\u043c, \u043c\u0430\u0441\u0442\u0435\u0440 \u0438 \u0434\u043e\u043a\u0442\u043e\u0440\u0441\u043a\u0438\u043c \u0441\u0442\u0443\u0434\u0438\u0458\u0430\u043c\u0430<\/li><li>\u0432\u043e\u0452\u0435\u045a\u0435 \u0441\u0442\u0443\u0434\u0435\u043d\u0442\u0441\u043a\u0435 \u0435\u0432\u0438\u0434\u0435\u043d\u0446\u0438\u0458\u0435 \u0438 \u0434\u043e\u043a\u0443\u043c\u0435\u043d\u0442\u0430\u0446\u0438\u0458\u0435<\/li><li>\u0438\u0437\u0434\u0430\u0432\u0430\u045a\u0435 \u043f\u043e\u0442\u0432\u0440\u0434\u0430, \u0443\u0432\u0435\u0440\u0435\u045a\u0430 \u0438 \u0434\u0440\u0443\u0433\u0438\u0445 \u0441\u043b\u0443\u0436\u0431\u0435\u043d\u0438\u0445 \u0434\u043e\u043a\u0443\u043c\u0435\u043d\u0430\u0442\u0430<\/li><li>\u043f\u0440\u0430\u045b\u0435\u045a\u0435 \u0442\u043e\u043a\u0430 \u0441\u0442\u0443\u0434\u0438\u0458\u0430 \u0438 \u043e\u0431\u0440\u0430\u0434\u0443 \u0440\u0435\u0437\u0443\u043b\u0442\u0430\u0442\u0430 \u0438\u0441\u043f\u0438\u0442\u0430<\/li><li>\u0438\u043d\u0444\u043e\u0440\u043c\u0438\u0441\u0430\u045a\u0435 \u0441\u0442\u0443\u0434\u0435\u043d\u0430\u0442\u0430 \u043e \u0441\u0442\u0443\u0434\u0438\u0458\u0441\u043a\u0438\u043c \u043e\u0431\u0430\u0432\u0435\u0437\u0430\u043c\u0430, \u0440\u043e\u043a\u043e\u0432\u0438\u043c\u0430 \u0438 \u043f\u0440\u043e\u043f\u0438\u0441\u0438\u043c\u0430<\/li><li>\u043f\u043e\u0434\u0440\u0448\u043a\u0443 \u0443 \u0432\u0435\u0437\u0438 \u0441\u0430 \u043f\u0440\u0430\u0432\u0438\u043c\u0430 \u0438 \u043e\u0431\u0430\u0432\u0435\u0437\u0430\u043c\u0430 \u0441\u0442\u0443\u0434\u0435\u043d\u0430\u0442\u0430 (\u0441\u0442\u0430\u0442\u0443\u0441 \u0441\u0442\u0443\u0434\u0435\u043d\u0442\u0430, \u0448\u043a\u043e\u043b\u0430\u0440\u0438\u043d\u0435, \u043c\u0438\u0440\u043e\u0432\u0430\u045a\u0435 \u0441\u0442\u0443\u0434\u0438\u0458\u0430 \u0438 \u0441\u043b.)<\/li><\/ul><p>\u0421\u0442\u0443\u0434\u0435\u043d\u0442\u0441\u043a\u0430 \u0441\u043b\u0443\u0436\u0431\u0430 \u043f\u0440\u0435\u0434\u0441\u0442\u0430\u0432\u0459\u0430 \u043a\u0459\u0443\u0447\u043d\u0443 \u0432\u0435\u0437\u0443 \u0438\u0437\u043c\u0435\u0452\u0443 \u0441\u0442\u0443\u0434\u0435\u043d\u0430\u0442\u0430, \u043d\u0430\u0441\u0442\u0430\u0432\u043d\u043e\u0433 \u043e\u0441\u043e\u0431\u0459\u0430 \u0438 \u0443\u043f\u0440\u0430\u0432\u0435 \u0424\u0430\u043a\u0443\u043b\u0442\u0435\u0442\u0430, \u0441\u0430 \u0446\u0438\u0459\u0435\u043c \u0435\u0444\u0438\u043a\u0430\u0441\u043d\u043e\u0433 \u0438 \u0442\u0440\u0430\u043d\u0441\u043f\u0430\u0440\u0435\u043d\u0442\u043d\u043e\u0433 \u043e\u0441\u0442\u0432\u0430\u0440\u0438\u0432\u0430\u045a\u0430 \u0441\u0442\u0443\u0434\u0435\u043d\u0442\u0441\u043a\u0438\u0445 \u043f\u0440\u0430\u0432\u0430 \u0438 \u043e\u0431\u0430\u0432\u0435\u0437\u0430.<\/p>\t\t\t\t\t\t\t\t<\/div>\n\t\t\t\t\t<\/div>\n\t\t\t\t<\/div>\n\t\t\t\t<\/div>\n\t\t","protected":false},"excerpt":{"rendered":"<p>Odgovorna lica i kontakti Violeta Rokvi\u0107 \u0160ef Studentske slu\u017ebe Telefon: 021\/485-3209e-mail: stud.sluzba@polj.uns.ac.rs,violeta.rokvic@polj.uns.ac.rs Ana Marija Kaljevi\u0107 referent Telefon: 021\/485-3209e-mail: anamarija.kaljevic@polj.uns.ac.rsReferent za slede\u0107e studijske programe osnovnih studija: Agroekonomija Animalna proizvodnja Pejza\u017ena arhitektura Agroturizam i ruralni razvoj Branka Panti\u0107 referent Telefon: 021\/485-3209e-mail: branka.pantic@polj.edu.rsReferent &hellip; <\/p>\n","protected":false},"author":2,"featured_media":0,"parent":0,"menu_order":0,"comment_status":"closed","ping_status":"closed","template":"","meta":{"_acf_changed":false,"footnotes":"","_wp_rev_ctl_limit":""},"class_list":["post-14053","page","type-page","status-publish","hentry"],"acf":[],"_links":{"self":[{"href":"https:\/\/wwwnovi.polj.uns.ac.rs\/rslat\/wp-json\/wp\/v2\/pages\/14053","targetHints":{"allow":["GET"]}}],"collection":[{"href":"https:\/\/wwwnovi.polj.uns.ac.rs\/rslat\/wp-json\/wp\/v2\/pages"}],"about":[{"href":"https:\/\/wwwnovi.polj.uns.ac.rs\/rslat\/wp-json\/wp\/v2\/types\/page"}],"author":[{"embeddable":true,"href":"https:\/\/wwwnovi.polj.uns.ac.rs\/rslat\/wp-json\/wp\/v2\/users\/2"}],"replies":[{"embeddable":true,"href":"https:\/\/wwwnovi.polj.uns.ac.rs\/rslat\/wp-json\/wp\/v2\/comments?post=14053"}],"version-history":[{"count":1,"href":"https:\/\/wwwnovi.polj.uns.ac.rs\/rslat\/wp-json\/wp\/v2\/pages\/14053\/revisions"}],"predecessor-version":[{"id":14055,"href":"https:\/\/wwwnovi.polj.uns.ac.rs\/rslat\/wp-json\/wp\/v2\/pages\/14053\/revisions\/14055"}],"wp:attachment":[{"href":"https:\/\/wwwnovi.polj.uns.ac.rs\/rslat\/wp-json\/wp\/v2\/media?parent=14053"}],"curies":[{"name":"wp","href":"https:\/\/api.w.org\/{rel}","templated":true}]}}